{"id":101,"date":"2020-03-26T17:25:11","date_gmt":"2020-03-26T16:25:11","guid":{"rendered":"https:\/\/ritual.cz\/?page_id=101"},"modified":"2021-12-03T14:06:38","modified_gmt":"2021-12-03T13:06:38","slug":"co-tu-najdete","status":"publish","type":"page","link":"https:\/\/ritual.cz\/index.php\/co-tu-najdete\/","title":{"rendered":"Co tu najdete"},"content":{"rendered":"\n<p>Samoz\u0159ejm\u011b \u010dl\u00e1nky, kter\u00e9 jste n\u00e1m poslali u\u017e kdysi d\u00e1vno a my jsme je pro v\u00e1s uchovali. A proto\u017ee si va\u0161\u00ed snahy v\u00e1\u017e\u00edme, jsou tu zase. S nimi se budou m\u00edsit nov\u00e9 \u010dl\u00e1nky, kter\u00e9 po\u0161lete. <\/p>\n\n\n\n<p>P\u0159\u00edsp\u011bvky jsou d\u011blen\u00e9 do na\u0161ich tradi\u010dn\u00edch p\u011bti kategori\u00ed podle \u017eivl\u016f: <\/p>\n\n\n\n<ul class=\"wp-block-list\"><li><strong>Ohe\u0148<\/strong> &#8211; tajn\u00e9 v\u011bd\u011bn\u00ed, magie<\/li><li><strong>Voda<\/strong> &#8211; osobn\u00ed vn\u00edm\u00e1n\u00ed, um\u011bleck\u00e1 ztv\u00e1rn\u011bn\u00ed<\/li><li><strong>Vzduch<\/strong> &#8211; my\u0161lenky, koment\u00e1\u0159e, recenze<\/li><li><strong>Zem\u011b<\/strong> &#8211; v\u0161e praktick\u00e9, n\u00e1vody, zdrav\u00ed<\/li><li><strong>Osobn\u00ed<\/strong> &#8211; pozv\u00e1nky na akce, osobn\u00ed vzkazy<\/li><\/ul>\n\n\n\n<p>Pod\u011bkov\u00e1n\u00ed za obr\u00e1zky k \u017eivl\u016fm, kter\u00e9 jsou um\u00edst\u011bny u kategori\u00ed, pat\u0159\u00ed Pet\u0159e H. z Vy\u0161kova &#8211; d\u011bkujeme.<\/p>\n\n\n\n<p>Co je nov\u00e9ho:<\/p>\n\n\n\n<ul class=\"wp-block-list\"><li>Zat\u00edm jsme zavedli dva \u0161t\u00edtky: <strong>archiv<\/strong> pro p\u0159\u00edsp\u011bvky letit\u00e9 a <strong>nov\u00e9<\/strong> pro ty aktu\u00e1ln\u00ed.<\/li><li>\u010cten\u00ed \u010dl\u00e1nk\u016f i jejich vkl\u00e1d\u00e1n\u00ed je u n\u00e1s zadarmo, ale ps\u00e1t \u010dl\u00e1nky a napsan\u00e9 komentovat mohou jen ti, kdo se p\u0159ihl\u00e1s\u00ed.<\/li><li>Renovovali jsme dal\u0161\u00ed d\u0159\u00edv\u011bj\u0161\u00ed slu\u017eby &#8211; horoskopy, pranostiky, cit\u00e1ty, sv\u00e1tky.<\/li><\/ul>\n\n\n\n<p><\/p>\n\n\n\n<p><strong>Novinka 22. 4.:<\/strong> <\/p>\n\n\n\n<p>Renovujeme star\u00e9 koment\u00e1\u0159e k \u010dl\u00e1nk\u016fm! Nad\u00e1le budou uveden\u00e9 pod zve\u0159ej\u0148ovan\u00fdm \u010dl\u00e1nkem. Zat\u00edm jak jdou za sebou, ale postupn\u011b zkus\u00edme p\u0159idat i strukturu.<\/p>\n\n\n\n<p><\/p>\n<p>Views: 1004<\/p>","protected":false},"excerpt":{"rendered":"<p>Samoz\u0159ejm\u011b \u010dl\u00e1nky, kter\u00e9 jste n\u00e1m poslali u\u017e kdysi d\u00e1vno a my jsme je pro v\u00e1s uchovali. A proto\u017ee si va\u0161\u00ed<\/p>\n","protected":false},"author":2,"featured_media":0,"parent":0,"menu_order":0,"comment_status":"closed","ping_status":"closed","template":"","meta":{"colormag_page_container_layout":"default_layout","colormag_page_sidebar_layout":"default_layout","footnotes":""},"class_list":["post-101","page","type-page","status-publish","hentry"],"yoast_head":"<!-- This site is optimized with the Yoast SEO plugin v27.2 - https:\/\/yoast.com\/product\/yoast-seo-wordpress\/ -->\n<title>Co tu najdete -<\/title>\n<meta name=\"robots\" content=\"index, follow, max-snippet:-1, max-image-preview:large, max-video-preview:-1\" \/>\n<link rel=\"canonical\" href=\"https:\/\/ritual.cz\/index.php\/co-tu-najdete\/\" \/>\n<meta property=\"og:locale\" content=\"cs_CZ\" \/>\n<meta property=\"og:type\" content=\"article\" \/>\n<meta property=\"og:title\" content=\"Co tu najdete -\" \/>\n<meta property=\"og:description\" content=\"Samoz\u0159ejm\u011b \u010dl\u00e1nky, kter\u00e9 jste n\u00e1m poslali u\u017e kdysi d\u00e1vno a my jsme je pro v\u00e1s uchovali. A proto\u017ee si va\u0161\u00ed\" \/>\n<meta property=\"og:url\" content=\"https:\/\/ritual.cz\/index.php\/co-tu-najdete\/\" \/>\n<meta property=\"article:modified_time\" content=\"2021-12-03T13:06:38+00:00\" \/>\n<meta name=\"twitter:card\" content=\"summary_large_image\" \/>\n<meta name=\"twitter:label1\" content=\"Odhadovan\u00e1 doba \u010dten\u00ed\" \/>\n\t<meta name=\"twitter:data1\" content=\"1 minuta\" \/>\n<script type=\"application\/ld+json\" class=\"yoast-schema-graph\">{\"@context\":\"https:\/\/schema.org\",\"@graph\":[{\"@type\":\"WebPage\",\"@id\":\"https:\/\/ritual.cz\/index.php\/co-tu-najdete\/\",\"url\":\"https:\/\/ritual.cz\/index.php\/co-tu-najdete\/\",\"name\":\"Co tu najdete -\",\"isPartOf\":{\"@id\":\"https:\/\/ritual.cz\/#website\"},\"datePublished\":\"2020-03-26T16:25:11+00:00\",\"dateModified\":\"2021-12-03T13:06:38+00:00\",\"breadcrumb\":{\"@id\":\"https:\/\/ritual.cz\/index.php\/co-tu-najdete\/#breadcrumb\"},\"inLanguage\":\"cs\",\"potentialAction\":[{\"@type\":\"ReadAction\",\"target\":[\"https:\/\/ritual.cz\/index.php\/co-tu-najdete\/\"]}]},{\"@type\":\"BreadcrumbList\",\"@id\":\"https:\/\/ritual.cz\/index.php\/co-tu-najdete\/#breadcrumb\",\"itemListElement\":[{\"@type\":\"ListItem\",\"position\":1,\"name\":\"Dom\u016f\",\"item\":\"https:\/\/ritual.cz\/\"},{\"@type\":\"ListItem\",\"position\":2,\"name\":\"Co tu najdete\"}]},{\"@type\":\"WebSite\",\"@id\":\"https:\/\/ritual.cz\/#website\",\"url\":\"https:\/\/ritual.cz\/\",\"name\":\"Ritual\",\"description\":\"Port\u00e1l pro magii, esoteriku, zdrav\u00ed a duchovn\u00ed rozvoj\",\"publisher\":{\"@id\":\"https:\/\/ritual.cz\/#organization\"},\"potentialAction\":[{\"@type\":\"SearchAction\",\"target\":{\"@type\":\"EntryPoint\",\"urlTemplate\":\"https:\/\/ritual.cz\/?s={search_term_string}\"},\"query-input\":{\"@type\":\"PropertyValueSpecification\",\"valueRequired\":true,\"valueName\":\"search_term_string\"}}],\"inLanguage\":\"cs\"},{\"@type\":\"Organization\",\"@id\":\"https:\/\/ritual.cz\/#organization\",\"name\":\"Ritual\",\"url\":\"https:\/\/ritual.cz\/\",\"logo\":{\"@type\":\"ImageObject\",\"inLanguage\":\"cs\",\"@id\":\"https:\/\/ritual.cz\/#\/schema\/logo\/image\/\",\"url\":\"https:\/\/ritual.cz\/wp-content\/uploads\/2020\/03\/logo_ritual.gif\",\"contentUrl\":\"https:\/\/ritual.cz\/wp-content\/uploads\/2020\/03\/logo_ritual.gif\",\"width\":219,\"height\":172,\"caption\":\"Ritual\"},\"image\":{\"@id\":\"https:\/\/ritual.cz\/#\/schema\/logo\/image\/\"}}]}<\/script>\n<!-- \/ Yoast SEO plugin. -->","yoast_head_json":{"title":"Co tu najdete -","robots":{"index":"index","follow":"follow","max-snippet":"max-snippet:-1","max-image-preview":"max-image-preview:large","max-video-preview":"max-video-preview:-1"},"canonical":"https:\/\/ritual.cz\/index.php\/co-tu-najdete\/","og_locale":"cs_CZ","og_type":"article","og_title":"Co tu najdete -","og_description":"Samoz\u0159ejm\u011b \u010dl\u00e1nky, kter\u00e9 jste n\u00e1m poslali u\u017e kdysi d\u00e1vno a my jsme je pro v\u00e1s uchovali. A proto\u017ee si va\u0161\u00ed","og_url":"https:\/\/ritual.cz\/index.php\/co-tu-najdete\/","article_modified_time":"2021-12-03T13:06:38+00:00","twitter_card":"summary_large_image","twitter_misc":{"Odhadovan\u00e1 doba \u010dten\u00ed":"1 minuta"},"schema":{"@context":"https:\/\/schema.org","@graph":[{"@type":"WebPage","@id":"https:\/\/ritual.cz\/index.php\/co-tu-najdete\/","url":"https:\/\/ritual.cz\/index.php\/co-tu-najdete\/","name":"Co tu najdete -","isPartOf":{"@id":"https:\/\/ritual.cz\/#website"},"datePublished":"2020-03-26T16:25:11+00:00","dateModified":"2021-12-03T13:06:38+00:00","breadcrumb":{"@id":"https:\/\/ritual.cz\/index.php\/co-tu-najdete\/#breadcrumb"},"inLanguage":"cs","potentialAction":[{"@type":"ReadAction","target":["https:\/\/ritual.cz\/index.php\/co-tu-najdete\/"]}]},{"@type":"BreadcrumbList","@id":"https:\/\/ritual.cz\/index.php\/co-tu-najdete\/#breadcrumb","itemListElement":[{"@type":"ListItem","position":1,"name":"Dom\u016f","item":"https:\/\/ritual.cz\/"},{"@type":"ListItem","position":2,"name":"Co tu najdete"}]},{"@type":"WebSite","@id":"https:\/\/ritual.cz\/#website","url":"https:\/\/ritual.cz\/","name":"Ritual","description":"Port\u00e1l pro magii, esoteriku, zdrav\u00ed a duchovn\u00ed rozvoj","publisher":{"@id":"https:\/\/ritual.cz\/#organization"},"potentialAction":[{"@type":"SearchAction","target":{"@type":"EntryPoint","urlTemplate":"https:\/\/ritual.cz\/?s={search_term_string}"},"query-input":{"@type":"PropertyValueSpecification","valueRequired":true,"valueName":"search_term_string"}}],"inLanguage":"cs"},{"@type":"Organization","@id":"https:\/\/ritual.cz\/#organization","name":"Ritual","url":"https:\/\/ritual.cz\/","logo":{"@type":"ImageObject","inLanguage":"cs","@id":"https:\/\/ritual.cz\/#\/schema\/logo\/image\/","url":"https:\/\/ritual.cz\/wp-content\/uploads\/2020\/03\/logo_ritual.gif","contentUrl":"https:\/\/ritual.cz\/wp-content\/uploads\/2020\/03\/logo_ritual.gif","width":219,"height":172,"caption":"Ritual"},"image":{"@id":"https:\/\/ritual.cz\/#\/schema\/logo\/image\/"}}]}},"_links":{"self":[{"href":"https:\/\/ritual.cz\/index.php\/wp-json\/wp\/v2\/pages\/101","targetHints":{"allow":["GET"]}}],"collection":[{"href":"https:\/\/ritual.cz\/index.php\/wp-json\/wp\/v2\/pages"}],"about":[{"href":"https:\/\/ritual.cz\/index.php\/wp-json\/wp\/v2\/types\/page"}],"author":[{"embeddable":true,"href":"https:\/\/ritual.cz\/index.php\/wp-json\/wp\/v2\/users\/2"}],"replies":[{"embeddable":true,"href":"https:\/\/ritual.cz\/index.php\/wp-json\/wp\/v2\/comments?post=101"}],"version-history":[{"count":1,"href":"https:\/\/ritual.cz\/index.php\/wp-json\/wp\/v2\/pages\/101\/revisions"}],"predecessor-version":[{"id":1461,"href":"https:\/\/ritual.cz\/index.php\/wp-json\/wp\/v2\/pages\/101\/revisions\/1461"}],"wp:attachment":[{"href":"https:\/\/ritual.cz\/index.php\/wp-json\/wp\/v2\/media?parent=101"}],"curies":[{"name":"wp","href":"https:\/\/api.w.org\/{rel}","templated":true}]}}