{"id":125,"date":"2020-03-31T00:11:01","date_gmt":"2020-03-30T22:11:01","guid":{"rendered":"https:\/\/ritual.cz\/?page_id=125"},"modified":"2026-02-01T09:32:21","modified_gmt":"2026-02-01T08:32:21","slug":"pranostiky","status":"publish","type":"page","link":"https:\/\/ritual.cz\/index.php\/pranostiky\/","title":{"rendered":"Pranostiky"},"content":{"rendered":"\n<div class=\"spiral-external spiral-pranostiky\">\n<b>Duben<\/b><br><img decoding=\"async\" src=\"http:\/\/magick.cz\/pranostiky\/img\/04.jpg\" alt=\"\"><br><b>Obecn\u00e9 pranostiky pro tento m\u011bs\u00edc:<\/b><br><br>Dubnov\u00e9 po\u010das\u00ed nevyslov\u00ed\u0161.<br>Apr\u00edlov\u00e9 po\u010das\u00ed jsou \u010dasy a ne\u010dasy.<br>Duben - zimy a l\u00e9ta pleten.<br>Duben je nap\u016fl b\u0159ezen a nap\u016fl kv\u011bten.<br>V dubnu se za den i dev\u011bt druh\u016f po\u010das\u00ed sejde.<br>Pansk\u00e1 l\u00e1ska a dubnov\u00fd sn\u00edh dlouho nevydr\u017e\u00ed.<br>Apr\u00edlov\u00e9 po\u010das\u00ed je nad \u017eenu vrtkav\u011bj\u0161\u00ed.<br>D\u011btsk\u00fd pl\u00e1\u010d, pansk\u00e1 p\u0159\u00edze\u0148 a dubnov\u00e9 po\u010das\u00ed jsou v\u017edy nest\u00e1l\u00e9.<br>Na duben nem\u011bj spoleh valn\u00fd, b\u00fdv\u00e1 jasn\u00fd dnes a z\u00edtra kaln\u00fd.<br>V dubnu svrchu h\u0159eje, od spodu mraz\u00ed.<br>Duben sebekrot\u0161\u00ed, sn\u011bhem n\u00e1s p\u0159ece poh\u00e1n\u00ed.<br>Duben \u010dasto \u010dasy m\u011bn\u00ed.<br>Dubnov\u00fd \u010das je jak pansk\u00fd kvas.<br>M\u00e1j - po\u017eeneme kozy v h\u00e1j.<br>Je-li Zelen\u00fd \u010dtvrtek b\u00edl\u00fd, bude tepl\u00e9 l\u00e9to.<br>Velk\u00fd p\u00e1tek de\u0161tiv\u00fd d\u011bl\u00e1 rok \u017e\u00edzniv\u00fd.<br>Kdy\u017e h\u0159m\u00ed na Velk\u00fd p\u00e1tek, bude dobr\u00e1 \u00faroda.<br>Pr\u0161\u00ed-li v noci na B\u00edlou sobotu, bude m\u00e1lo t\u0159e\u0161n\u00ed.<br>Pr\u0161\u00ed-li o velikono\u010dn\u00edm hodu, bude nouze o vodu.<br>Kdy\u017e na velikono\u010dn\u00ed ned\u011bli pr\u0161\u00ed, a\u017e do svat\u00e9ho Ducha na ka\u017ed\u00e9 pond\u011bl\u00ed pr\u0161eti bude.<br>Na velikonoce jasno bude lacin\u00e9 m\u00e1slo.<br>Hezky na Hod velikono\u010dn\u00ed, s poln\u00ed prac\u00ed z\u010derstva za\u010dni!<br><br><br><b>Pranostiky k jednotliv\u00fdm dn\u016fm:<\/b><br><br><table><tr><td width=\"50\" align=\"left\">Den<\/td><td align=\"left\">Pranostika<\/td><\/tr><tr><td align=\"left\">14<\/td><td align=\"left\">Na svat\u00e9ho Rudolfa se m\u00e1 nahl\u00ed\u017eet do \u00fal\u016f, a jestli v\u010dely nemaj\u00ed dost potravy, m\u00e1 se jim, nejl\u00e9pe na schod m\u011bs\u00edce doplnit.<\/td><\/tr><tr><td align=\"left\">20<\/td><td align=\"left\">Pot\u00ed-li se Domicilla, bude Mar\u010dek (25.4.) chodit v ko\u017ei\u0161e.<\/td><\/tr><tr><td align=\"left\">21<\/td><td align=\"left\">O svat\u00e9m Anselm\u011b, semeno do zem\u011b.<\/td><\/tr><tr><td align=\"left\">23<\/td><td align=\"left\">Vojt\u011b\u017esk\u00e9 lny a je\u010dmeny nejlep\u0161\u00ed b\u00fdvaj\u00ed.<\/td><\/tr><tr><td align=\"left\">23<\/td><td align=\"left\">Na svat\u00e9ho Vojt\u011bcha kdy\u017e pr\u0161\u00ed, trnky se neurod\u00ed.<\/td><\/tr><tr><td align=\"left\">23<\/td><td align=\"left\">Bou\u0159ky p\u0159ed Vojt\u011bchem - d\u00e9\u0161\u0165 o \u017en\u00edch.<\/td><\/tr><tr><td align=\"left\">24<\/td><td align=\"left\">Na svat\u00e9ho Ji\u0159\u00ed neza\u0161l\u00e1pou tr\u00e1vu \u010dty\u0159i.<\/td><\/tr><tr><td align=\"left\">24<\/td><td align=\"left\">Svat\u00fd Ji\u0159\u00ed zahajuje pastvu dobytka.<\/td><\/tr><tr><td align=\"left\">24<\/td><td align=\"left\">Na svat\u00e9ho Ji\u0159\u00ed, vyl\u00e9zaj\u00ed hadi a \u0161t\u00ed\u0159i.<\/td><\/tr><tr><td align=\"left\">25<\/td><td align=\"left\">Na svat\u00e9ho Marka, ozimina je ji\u017e velk\u00e1.<\/td><\/tr><tr><td align=\"left\">25<\/td><td align=\"left\">Na svat\u00e9ho Marka, do zem\u011b oharka.<\/td><\/tr><tr><td align=\"left\">28<\/td><td align=\"left\">H\u0159m\u011bn\u00ed mezi Markem (25.4.) a Vitalem zna\u010d\u00ed \u00farodn\u00fd rok.<\/td><\/tr><tr><td align=\"left\">29<\/td><td align=\"left\">Na Petra mu\u010dedn\u00edka je dob\u0159e vysazovat zel\u00ed na pole.<\/td><\/tr><tr><td align=\"left\">30<\/td><td align=\"left\">Posledn\u00edho dubna p\u0159ed soumrakem se maj\u00ed do obytn\u00e9ho staven\u00ed, stodol\u016f, \u00fal\u016f a na studnice zastrk\u00e1vat b\u0159ezov\u00e9, vrbov\u00e9 a angre\u0161tov\u00e9 v\u0161tvi\u010dky aby d\u016fm nenav\u0161t\u00edvily \u010darod\u011bjnice a ne\u0161kodily.<\/td><\/tr><\/table><\/div>\n\n\n\n<p><\/p>\n<p>Views: 727<\/p>","protected":false},"excerpt":{"rendered":"<p>Views: 727<\/p>\n","protected":false},"author":1,"featured_media":0,"parent":0,"menu_order":0,"comment_status":"closed","ping_status":"closed","template":"","meta":{"colormag_page_container_layout":"default_layout","colormag_page_sidebar_layout":"default_layout","footnotes":""},"class_list":["post-125","page","type-page","status-publish","hentry"],"yoast_head":"<!-- This site is optimized with the Yoast SEO plugin v27.4 - https:\/\/yoast.com\/product\/yoast-seo-wordpress\/ -->\n<title>Pranostiky -<\/title>\n<meta name=\"robots\" content=\"index, follow, max-snippet:-1, max-image-preview:large, max-video-preview:-1\" \/>\n<link rel=\"canonical\" href=\"https:\/\/ritual.cz\/index.php\/pranostiky\/\" \/>\n<meta property=\"og:locale\" content=\"cs_CZ\" \/>\n<meta property=\"og:type\" content=\"article\" \/>\n<meta property=\"og:title\" content=\"Pranostiky -\" \/>\n<meta property=\"og:description\" content=\"Views: 727\" \/>\n<meta property=\"og:url\" content=\"https:\/\/ritual.cz\/index.php\/pranostiky\/\" \/>\n<meta property=\"article:modified_time\" content=\"2026-02-01T08:32:21+00:00\" \/>\n<meta name=\"twitter:card\" content=\"summary_large_image\" \/>\n<meta name=\"twitter:label1\" content=\"Odhadovan\u00e1 doba \u010dten\u00ed\" \/>\n\t<meta name=\"twitter:data1\" content=\"1 minuta\" \/>\n<script type=\"application\/ld+json\" class=\"yoast-schema-graph\">{\"@context\":\"https:\\\/\\\/schema.org\",\"@graph\":[{\"@type\":\"WebPage\",\"@id\":\"https:\\\/\\\/ritual.cz\\\/index.php\\\/pranostiky\\\/\",\"url\":\"https:\\\/\\\/ritual.cz\\\/index.php\\\/pranostiky\\\/\",\"name\":\"Pranostiky -\",\"isPartOf\":{\"@id\":\"https:\\\/\\\/ritual.cz\\\/#website\"},\"datePublished\":\"2020-03-30T22:11:01+00:00\",\"dateModified\":\"2026-02-01T08:32:21+00:00\",\"breadcrumb\":{\"@id\":\"https:\\\/\\\/ritual.cz\\\/index.php\\\/pranostiky\\\/#breadcrumb\"},\"inLanguage\":\"cs\",\"potentialAction\":[{\"@type\":\"ReadAction\",\"target\":[\"https:\\\/\\\/ritual.cz\\\/index.php\\\/pranostiky\\\/\"]}]},{\"@type\":\"BreadcrumbList\",\"@id\":\"https:\\\/\\\/ritual.cz\\\/index.php\\\/pranostiky\\\/#breadcrumb\",\"itemListElement\":[{\"@type\":\"ListItem\",\"position\":1,\"name\":\"Dom\u016f\",\"item\":\"https:\\\/\\\/ritual.cz\\\/\"},{\"@type\":\"ListItem\",\"position\":2,\"name\":\"Pranostiky\"}]},{\"@type\":\"WebSite\",\"@id\":\"https:\\\/\\\/ritual.cz\\\/#website\",\"url\":\"https:\\\/\\\/ritual.cz\\\/\",\"name\":\"Ritual\",\"description\":\"Port\u00e1l pro magii, esoteriku, zdrav\u00ed a duchovn\u00ed rozvoj\",\"publisher\":{\"@id\":\"https:\\\/\\\/ritual.cz\\\/#organization\"},\"potentialAction\":[{\"@type\":\"SearchAction\",\"target\":{\"@type\":\"EntryPoint\",\"urlTemplate\":\"https:\\\/\\\/ritual.cz\\\/?s={search_term_string}\"},\"query-input\":{\"@type\":\"PropertyValueSpecification\",\"valueRequired\":true,\"valueName\":\"search_term_string\"}}],\"inLanguage\":\"cs\"},{\"@type\":\"Organization\",\"@id\":\"https:\\\/\\\/ritual.cz\\\/#organization\",\"name\":\"Ritual\",\"url\":\"https:\\\/\\\/ritual.cz\\\/\",\"logo\":{\"@type\":\"ImageObject\",\"inLanguage\":\"cs\",\"@id\":\"https:\\\/\\\/ritual.cz\\\/#\\\/schema\\\/logo\\\/image\\\/\",\"url\":\"https:\\\/\\\/ritual.cz\\\/wp-content\\\/uploads\\\/2020\\\/03\\\/logo_ritual.gif\",\"contentUrl\":\"https:\\\/\\\/ritual.cz\\\/wp-content\\\/uploads\\\/2020\\\/03\\\/logo_ritual.gif\",\"width\":219,\"height\":172,\"caption\":\"Ritual\"},\"image\":{\"@id\":\"https:\\\/\\\/ritual.cz\\\/#\\\/schema\\\/logo\\\/image\\\/\"}}]}<\/script>\n<!-- \/ Yoast SEO plugin. -->","yoast_head_json":{"title":"Pranostiky -","robots":{"index":"index","follow":"follow","max-snippet":"max-snippet:-1","max-image-preview":"max-image-preview:large","max-video-preview":"max-video-preview:-1"},"canonical":"https:\/\/ritual.cz\/index.php\/pranostiky\/","og_locale":"cs_CZ","og_type":"article","og_title":"Pranostiky -","og_description":"Views: 727","og_url":"https:\/\/ritual.cz\/index.php\/pranostiky\/","article_modified_time":"2026-02-01T08:32:21+00:00","twitter_card":"summary_large_image","twitter_misc":{"Odhadovan\u00e1 doba \u010dten\u00ed":"1 minuta"},"schema":{"@context":"https:\/\/schema.org","@graph":[{"@type":"WebPage","@id":"https:\/\/ritual.cz\/index.php\/pranostiky\/","url":"https:\/\/ritual.cz\/index.php\/pranostiky\/","name":"Pranostiky -","isPartOf":{"@id":"https:\/\/ritual.cz\/#website"},"datePublished":"2020-03-30T22:11:01+00:00","dateModified":"2026-02-01T08:32:21+00:00","breadcrumb":{"@id":"https:\/\/ritual.cz\/index.php\/pranostiky\/#breadcrumb"},"inLanguage":"cs","potentialAction":[{"@type":"ReadAction","target":["https:\/\/ritual.cz\/index.php\/pranostiky\/"]}]},{"@type":"BreadcrumbList","@id":"https:\/\/ritual.cz\/index.php\/pranostiky\/#breadcrumb","itemListElement":[{"@type":"ListItem","position":1,"name":"Dom\u016f","item":"https:\/\/ritual.cz\/"},{"@type":"ListItem","position":2,"name":"Pranostiky"}]},{"@type":"WebSite","@id":"https:\/\/ritual.cz\/#website","url":"https:\/\/ritual.cz\/","name":"Ritual","description":"Port\u00e1l pro magii, esoteriku, zdrav\u00ed a duchovn\u00ed rozvoj","publisher":{"@id":"https:\/\/ritual.cz\/#organization"},"potentialAction":[{"@type":"SearchAction","target":{"@type":"EntryPoint","urlTemplate":"https:\/\/ritual.cz\/?s={search_term_string}"},"query-input":{"@type":"PropertyValueSpecification","valueRequired":true,"valueName":"search_term_string"}}],"inLanguage":"cs"},{"@type":"Organization","@id":"https:\/\/ritual.cz\/#organization","name":"Ritual","url":"https:\/\/ritual.cz\/","logo":{"@type":"ImageObject","inLanguage":"cs","@id":"https:\/\/ritual.cz\/#\/schema\/logo\/image\/","url":"https:\/\/ritual.cz\/wp-content\/uploads\/2020\/03\/logo_ritual.gif","contentUrl":"https:\/\/ritual.cz\/wp-content\/uploads\/2020\/03\/logo_ritual.gif","width":219,"height":172,"caption":"Ritual"},"image":{"@id":"https:\/\/ritual.cz\/#\/schema\/logo\/image\/"}}]}},"_links":{"self":[{"href":"https:\/\/ritual.cz\/index.php\/wp-json\/wp\/v2\/pages\/125","targetHints":{"allow":["GET"]}}],"collection":[{"href":"https:\/\/ritual.cz\/index.php\/wp-json\/wp\/v2\/pages"}],"about":[{"href":"https:\/\/ritual.cz\/index.php\/wp-json\/wp\/v2\/types\/page"}],"author":[{"embeddable":true,"href":"https:\/\/ritual.cz\/index.php\/wp-json\/wp\/v2\/users\/1"}],"replies":[{"embeddable":true,"href":"https:\/\/ritual.cz\/index.php\/wp-json\/wp\/v2\/comments?post=125"}],"version-history":[{"count":12,"href":"https:\/\/ritual.cz\/index.php\/wp-json\/wp\/v2\/pages\/125\/revisions"}],"predecessor-version":[{"id":2190,"href":"https:\/\/ritual.cz\/index.php\/wp-json\/wp\/v2\/pages\/125\/revisions\/2190"}],"wp:attachment":[{"href":"https:\/\/ritual.cz\/index.php\/wp-json\/wp\/v2\/media?parent=125"}],"curies":[{"name":"wp","href":"https:\/\/api.w.org\/{rel}","templated":true}]}}