{"id":82,"date":"2020-03-25T23:00:07","date_gmt":"2020-03-25T22:00:07","guid":{"rendered":"https:\/\/ritual.cz\/?page_id=82"},"modified":"2020-12-07T23:37:10","modified_gmt":"2020-12-07T22:37:10","slug":"o-nas","status":"publish","type":"page","link":"https:\/\/ritual.cz\/index.php\/o-nas\/","title":{"rendered":"My"},"content":{"rendered":"\n<p>Esoterick\u00fd port\u00e1l Ritual.cz jsme otev\u0159eli v roce 2001. Na\u0161\u00edm c\u00edlem bylo nab\u00eddnout \u0161irok\u00e9 ve\u0159ejnosti mo\u017enost publikovat sv\u00e9 my\u0161lenky v podob\u011b \u010dl\u00e1nk\u016f, p\u0159\u00edpadn\u011b p\u0159ipojit k publikovan\u00e9 my\u0161lence sv\u016fj n\u00e1zor. Svoji \u00falohu jsme vzorn\u011b plnili skoro 10 let. Za tu dobu jsme nashrom\u00e1\u017edili skoro 2000 \u010dl\u00e1nk\u016f r\u016fzn\u00fdch autor\u016f. Pak nastaly pot\u00ed\u017ee se spamery a dal\u0161\u00ed technick\u00e9 probl\u00e9my, na kter\u00e9 jsme tehdy bohu\u017eel nem\u011bli kapacitu.<\/p>\n\n\n\n<p>Te\u010f, bezm\u00e1la po dvaceti letech, otev\u00edr\u00e1me Ritual.cz znovu. Zvolna budeme vkl\u00e1dat jeden \u010dl\u00e1nek za druh\u00fdm. <em>Nepoda\u0159\u00ed se n\u00e1m vkl\u00e1dat \u010dl\u00e1nky i s tehdej\u0161\u00edmi koment\u00e1\u0159i, to je nad na\u0161e s\u00edly. Kamar\u00e1di &#8211; program\u00e1to\u0159i sice sl\u00edbili, \u017ee se pokus\u00ed zrenovovat \u010dl\u00e1nky v\u010detn\u011b koment\u00e1\u0159\u016f, ale vyl\u00e1mali si na \u00fakolu zuby.<\/em> &#8211; <strong>U\u017e neplat\u00ed,<\/strong> poda\u0159ilo se dostat i p\u0159es tento technick\u00fd nedostatek &#8211;<strong> \u010dl\u00e1nky jsou opat\u0159eny p\u016fvodn\u00edmi koment\u00e1\u0159i &#8211; a \u017ee je kolikr\u00e1t co \u010d\u00edst!<\/strong><\/p>\n\n\n\n<p>Po\u0161lete n\u00e1m nov\u00fd \u010dl\u00e1nek! Pi\u0161te sv\u00e9 my\u0161lenky, z\u00e1\u017eitky, recenzujte knihy nebo filmy,  pi\u0161te o sv\u00e9 duchovn\u00ed cest\u011b, rozd\u00e1vejte rozumy! V\u00e1\u0161 \u010dl\u00e1nek budeme publikovat hned, a zd\u016frazn\u00edme, \u017ee je to novinka.<\/p>\n\n\n\n<div class=\"wp-block-group is-layout-flow wp-block-group-is-layout-flow\"><div class=\"wp-block-group__inner-container\"><\/div><\/div>\n<p>Views: 677<\/p>","protected":false},"excerpt":{"rendered":"<p>Esoterick\u00fd port\u00e1l Ritual.cz jsme otev\u0159eli v roce 2001. Na\u0161\u00edm c\u00edlem bylo nab\u00eddnout \u0161irok\u00e9 ve\u0159ejnosti mo\u017enost publikovat sv\u00e9 my\u0161lenky v podob\u011b<\/p>\n","protected":false},"author":1,"featured_media":0,"parent":0,"menu_order":0,"comment_status":"closed","ping_status":"closed","template":"","meta":{"colormag_page_container_layout":"default_layout","colormag_page_sidebar_layout":"default_layout","footnotes":""},"class_list":["post-82","page","type-page","status-publish","hentry"],"yoast_head":"<!-- This site is optimized with the Yoast SEO plugin v27.4 - https:\/\/yoast.com\/product\/yoast-seo-wordpress\/ -->\n<title>My -<\/title>\n<meta name=\"robots\" content=\"index, follow, max-snippet:-1, max-image-preview:large, max-video-preview:-1\" \/>\n<link rel=\"canonical\" href=\"https:\/\/ritual.cz\/index.php\/o-nas\/\" \/>\n<meta property=\"og:locale\" content=\"cs_CZ\" \/>\n<meta property=\"og:type\" content=\"article\" \/>\n<meta property=\"og:title\" content=\"My -\" \/>\n<meta property=\"og:description\" content=\"Esoterick\u00fd port\u00e1l Ritual.cz jsme otev\u0159eli v roce 2001. Na\u0161\u00edm c\u00edlem bylo nab\u00eddnout \u0161irok\u00e9 ve\u0159ejnosti mo\u017enost publikovat sv\u00e9 my\u0161lenky v podob\u011b\" \/>\n<meta property=\"og:url\" content=\"https:\/\/ritual.cz\/index.php\/o-nas\/\" \/>\n<meta property=\"article:modified_time\" content=\"2020-12-07T22:37:10+00:00\" \/>\n<meta name=\"twitter:card\" content=\"summary_large_image\" \/>\n<meta name=\"twitter:label1\" content=\"Odhadovan\u00e1 doba \u010dten\u00ed\" \/>\n\t<meta name=\"twitter:data1\" content=\"1 minuta\" \/>\n<script type=\"application\/ld+json\" class=\"yoast-schema-graph\">{\"@context\":\"https:\\\/\\\/schema.org\",\"@graph\":[{\"@type\":\"WebPage\",\"@id\":\"https:\\\/\\\/ritual.cz\\\/index.php\\\/o-nas\\\/\",\"url\":\"https:\\\/\\\/ritual.cz\\\/index.php\\\/o-nas\\\/\",\"name\":\"My -\",\"isPartOf\":{\"@id\":\"https:\\\/\\\/ritual.cz\\\/#website\"},\"datePublished\":\"2020-03-25T22:00:07+00:00\",\"dateModified\":\"2020-12-07T22:37:10+00:00\",\"breadcrumb\":{\"@id\":\"https:\\\/\\\/ritual.cz\\\/index.php\\\/o-nas\\\/#breadcrumb\"},\"inLanguage\":\"cs\",\"potentialAction\":[{\"@type\":\"ReadAction\",\"target\":[\"https:\\\/\\\/ritual.cz\\\/index.php\\\/o-nas\\\/\"]}]},{\"@type\":\"BreadcrumbList\",\"@id\":\"https:\\\/\\\/ritual.cz\\\/index.php\\\/o-nas\\\/#breadcrumb\",\"itemListElement\":[{\"@type\":\"ListItem\",\"position\":1,\"name\":\"Dom\u016f\",\"item\":\"https:\\\/\\\/ritual.cz\\\/\"},{\"@type\":\"ListItem\",\"position\":2,\"name\":\"My\"}]},{\"@type\":\"WebSite\",\"@id\":\"https:\\\/\\\/ritual.cz\\\/#website\",\"url\":\"https:\\\/\\\/ritual.cz\\\/\",\"name\":\"Ritual\",\"description\":\"Port\u00e1l pro magii, esoteriku, zdrav\u00ed a duchovn\u00ed rozvoj\",\"publisher\":{\"@id\":\"https:\\\/\\\/ritual.cz\\\/#organization\"},\"potentialAction\":[{\"@type\":\"SearchAction\",\"target\":{\"@type\":\"EntryPoint\",\"urlTemplate\":\"https:\\\/\\\/ritual.cz\\\/?s={search_term_string}\"},\"query-input\":{\"@type\":\"PropertyValueSpecification\",\"valueRequired\":true,\"valueName\":\"search_term_string\"}}],\"inLanguage\":\"cs\"},{\"@type\":\"Organization\",\"@id\":\"https:\\\/\\\/ritual.cz\\\/#organization\",\"name\":\"Ritual\",\"url\":\"https:\\\/\\\/ritual.cz\\\/\",\"logo\":{\"@type\":\"ImageObject\",\"inLanguage\":\"cs\",\"@id\":\"https:\\\/\\\/ritual.cz\\\/#\\\/schema\\\/logo\\\/image\\\/\",\"url\":\"https:\\\/\\\/ritual.cz\\\/wp-content\\\/uploads\\\/2020\\\/03\\\/logo_ritual.gif\",\"contentUrl\":\"https:\\\/\\\/ritual.cz\\\/wp-content\\\/uploads\\\/2020\\\/03\\\/logo_ritual.gif\",\"width\":219,\"height\":172,\"caption\":\"Ritual\"},\"image\":{\"@id\":\"https:\\\/\\\/ritual.cz\\\/#\\\/schema\\\/logo\\\/image\\\/\"}}]}<\/script>\n<!-- \/ Yoast SEO plugin. -->","yoast_head_json":{"title":"My -","robots":{"index":"index","follow":"follow","max-snippet":"max-snippet:-1","max-image-preview":"max-image-preview:large","max-video-preview":"max-video-preview:-1"},"canonical":"https:\/\/ritual.cz\/index.php\/o-nas\/","og_locale":"cs_CZ","og_type":"article","og_title":"My -","og_description":"Esoterick\u00fd port\u00e1l Ritual.cz jsme otev\u0159eli v roce 2001. Na\u0161\u00edm c\u00edlem bylo nab\u00eddnout \u0161irok\u00e9 ve\u0159ejnosti mo\u017enost publikovat sv\u00e9 my\u0161lenky v podob\u011b","og_url":"https:\/\/ritual.cz\/index.php\/o-nas\/","article_modified_time":"2020-12-07T22:37:10+00:00","twitter_card":"summary_large_image","twitter_misc":{"Odhadovan\u00e1 doba \u010dten\u00ed":"1 minuta"},"schema":{"@context":"https:\/\/schema.org","@graph":[{"@type":"WebPage","@id":"https:\/\/ritual.cz\/index.php\/o-nas\/","url":"https:\/\/ritual.cz\/index.php\/o-nas\/","name":"My -","isPartOf":{"@id":"https:\/\/ritual.cz\/#website"},"datePublished":"2020-03-25T22:00:07+00:00","dateModified":"2020-12-07T22:37:10+00:00","breadcrumb":{"@id":"https:\/\/ritual.cz\/index.php\/o-nas\/#breadcrumb"},"inLanguage":"cs","potentialAction":[{"@type":"ReadAction","target":["https:\/\/ritual.cz\/index.php\/o-nas\/"]}]},{"@type":"BreadcrumbList","@id":"https:\/\/ritual.cz\/index.php\/o-nas\/#breadcrumb","itemListElement":[{"@type":"ListItem","position":1,"name":"Dom\u016f","item":"https:\/\/ritual.cz\/"},{"@type":"ListItem","position":2,"name":"My"}]},{"@type":"WebSite","@id":"https:\/\/ritual.cz\/#website","url":"https:\/\/ritual.cz\/","name":"Ritual","description":"Port\u00e1l pro magii, esoteriku, zdrav\u00ed a duchovn\u00ed rozvoj","publisher":{"@id":"https:\/\/ritual.cz\/#organization"},"potentialAction":[{"@type":"SearchAction","target":{"@type":"EntryPoint","urlTemplate":"https:\/\/ritual.cz\/?s={search_term_string}"},"query-input":{"@type":"PropertyValueSpecification","valueRequired":true,"valueName":"search_term_string"}}],"inLanguage":"cs"},{"@type":"Organization","@id":"https:\/\/ritual.cz\/#organization","name":"Ritual","url":"https:\/\/ritual.cz\/","logo":{"@type":"ImageObject","inLanguage":"cs","@id":"https:\/\/ritual.cz\/#\/schema\/logo\/image\/","url":"https:\/\/ritual.cz\/wp-content\/uploads\/2020\/03\/logo_ritual.gif","contentUrl":"https:\/\/ritual.cz\/wp-content\/uploads\/2020\/03\/logo_ritual.gif","width":219,"height":172,"caption":"Ritual"},"image":{"@id":"https:\/\/ritual.cz\/#\/schema\/logo\/image\/"}}]}},"_links":{"self":[{"href":"https:\/\/ritual.cz\/index.php\/wp-json\/wp\/v2\/pages\/82","targetHints":{"allow":["GET"]}}],"collection":[{"href":"https:\/\/ritual.cz\/index.php\/wp-json\/wp\/v2\/pages"}],"about":[{"href":"https:\/\/ritual.cz\/index.php\/wp-json\/wp\/v2\/types\/page"}],"author":[{"embeddable":true,"href":"https:\/\/ritual.cz\/index.php\/wp-json\/wp\/v2\/users\/1"}],"replies":[{"embeddable":true,"href":"https:\/\/ritual.cz\/index.php\/wp-json\/wp\/v2\/comments?post=82"}],"version-history":[{"count":1,"href":"https:\/\/ritual.cz\/index.php\/wp-json\/wp\/v2\/pages\/82\/revisions"}],"predecessor-version":[{"id":981,"href":"https:\/\/ritual.cz\/index.php\/wp-json\/wp\/v2\/pages\/82\/revisions\/981"}],"wp:attachment":[{"href":"https:\/\/ritual.cz\/index.php\/wp-json\/wp\/v2\/media?parent=82"}],"curies":[{"name":"wp","href":"https:\/\/api.w.org\/{rel}","templated":true}]}}