{"id":941,"date":"2020-11-25T17:05:26","date_gmt":"2020-11-25T16:05:26","guid":{"rendered":"https:\/\/ritual.cz\/?page_id=941"},"modified":"2020-11-25T17:06:21","modified_gmt":"2020-11-25T16:06:21","slug":"kameny","status":"publish","type":"page","link":"https:\/\/ritual.cz\/index.php\/kameny\/","title":{"rendered":"V\u011b\u0161teck\u00e9 kameny"},"content":{"rendered":"\n\n\n\n<p><\/p>\n<p>Views: 1993<\/p>","protected":false},"excerpt":{"rendered":"<p>Views: 1993<\/p>\n","protected":false},"author":1,"featured_media":0,"parent":0,"menu_order":0,"comment_status":"closed","ping_status":"closed","template":"","meta":{"colormag_page_container_layout":"default_layout","colormag_page_sidebar_layout":"default_layout","footnotes":""},"class_list":["post-941","page","type-page","status-publish","hentry"],"yoast_head":"<!-- This site is optimized with the Yoast SEO plugin v27.2 - https:\/\/yoast.com\/product\/yoast-seo-wordpress\/ -->\n<title>V\u011b\u0161teck\u00e9 kameny -<\/title>\n<meta name=\"robots\" content=\"index, follow, max-snippet:-1, max-image-preview:large, max-video-preview:-1\" \/>\n<link rel=\"canonical\" href=\"https:\/\/ritual.cz\/index.php\/kameny\/\" \/>\n<meta property=\"og:locale\" content=\"cs_CZ\" \/>\n<meta property=\"og:type\" content=\"article\" \/>\n<meta property=\"og:title\" content=\"V\u011b\u0161teck\u00e9 kameny -\" \/>\n<meta property=\"og:description\" content=\"Views: 1993\" \/>\n<meta property=\"og:url\" content=\"https:\/\/ritual.cz\/index.php\/kameny\/\" \/>\n<meta property=\"article:modified_time\" content=\"2020-11-25T16:06:21+00:00\" \/>\n<meta name=\"twitter:card\" content=\"summary_large_image\" \/>\n<script type=\"application\/ld+json\" class=\"yoast-schema-graph\">{\"@context\":\"https:\/\/schema.org\",\"@graph\":[{\"@type\":\"WebPage\",\"@id\":\"https:\/\/ritual.cz\/index.php\/kameny\/\",\"url\":\"https:\/\/ritual.cz\/index.php\/kameny\/\",\"name\":\"V\u011b\u0161teck\u00e9 kameny -\",\"isPartOf\":{\"@id\":\"https:\/\/ritual.cz\/#website\"},\"datePublished\":\"2020-11-25T16:05:26+00:00\",\"dateModified\":\"2020-11-25T16:06:21+00:00\",\"breadcrumb\":{\"@id\":\"https:\/\/ritual.cz\/index.php\/kameny\/#breadcrumb\"},\"inLanguage\":\"cs\",\"potentialAction\":[{\"@type\":\"ReadAction\",\"target\":[\"https:\/\/ritual.cz\/index.php\/kameny\/\"]}]},{\"@type\":\"BreadcrumbList\",\"@id\":\"https:\/\/ritual.cz\/index.php\/kameny\/#breadcrumb\",\"itemListElement\":[{\"@type\":\"ListItem\",\"position\":1,\"name\":\"Dom\u016f\",\"item\":\"https:\/\/ritual.cz\/\"},{\"@type\":\"ListItem\",\"position\":2,\"name\":\"V\u011b\u0161teck\u00e9 kameny\"}]},{\"@type\":\"WebSite\",\"@id\":\"https:\/\/ritual.cz\/#website\",\"url\":\"https:\/\/ritual.cz\/\",\"name\":\"Ritual\",\"description\":\"Port\u00e1l pro magii, esoteriku, zdrav\u00ed a duchovn\u00ed rozvoj\",\"publisher\":{\"@id\":\"https:\/\/ritual.cz\/#organization\"},\"potentialAction\":[{\"@type\":\"SearchAction\",\"target\":{\"@type\":\"EntryPoint\",\"urlTemplate\":\"https:\/\/ritual.cz\/?s={search_term_string}\"},\"query-input\":{\"@type\":\"PropertyValueSpecification\",\"valueRequired\":true,\"valueName\":\"search_term_string\"}}],\"inLanguage\":\"cs\"},{\"@type\":\"Organization\",\"@id\":\"https:\/\/ritual.cz\/#organization\",\"name\":\"Ritual\",\"url\":\"https:\/\/ritual.cz\/\",\"logo\":{\"@type\":\"ImageObject\",\"inLanguage\":\"cs\",\"@id\":\"https:\/\/ritual.cz\/#\/schema\/logo\/image\/\",\"url\":\"https:\/\/ritual.cz\/wp-content\/uploads\/2020\/03\/logo_ritual.gif\",\"contentUrl\":\"https:\/\/ritual.cz\/wp-content\/uploads\/2020\/03\/logo_ritual.gif\",\"width\":219,\"height\":172,\"caption\":\"Ritual\"},\"image\":{\"@id\":\"https:\/\/ritual.cz\/#\/schema\/logo\/image\/\"}}]}<\/script>\n<!-- \/ Yoast SEO plugin. -->","yoast_head_json":{"title":"V\u011b\u0161teck\u00e9 kameny -","robots":{"index":"index","follow":"follow","max-snippet":"max-snippet:-1","max-image-preview":"max-image-preview:large","max-video-preview":"max-video-preview:-1"},"canonical":"https:\/\/ritual.cz\/index.php\/kameny\/","og_locale":"cs_CZ","og_type":"article","og_title":"V\u011b\u0161teck\u00e9 kameny -","og_description":"Views: 1993","og_url":"https:\/\/ritual.cz\/index.php\/kameny\/","article_modified_time":"2020-11-25T16:06:21+00:00","twitter_card":"summary_large_image","schema":{"@context":"https:\/\/schema.org","@graph":[{"@type":"WebPage","@id":"https:\/\/ritual.cz\/index.php\/kameny\/","url":"https:\/\/ritual.cz\/index.php\/kameny\/","name":"V\u011b\u0161teck\u00e9 kameny -","isPartOf":{"@id":"https:\/\/ritual.cz\/#website"},"datePublished":"2020-11-25T16:05:26+00:00","dateModified":"2020-11-25T16:06:21+00:00","breadcrumb":{"@id":"https:\/\/ritual.cz\/index.php\/kameny\/#breadcrumb"},"inLanguage":"cs","potentialAction":[{"@type":"ReadAction","target":["https:\/\/ritual.cz\/index.php\/kameny\/"]}]},{"@type":"BreadcrumbList","@id":"https:\/\/ritual.cz\/index.php\/kameny\/#breadcrumb","itemListElement":[{"@type":"ListItem","position":1,"name":"Dom\u016f","item":"https:\/\/ritual.cz\/"},{"@type":"ListItem","position":2,"name":"V\u011b\u0161teck\u00e9 kameny"}]},{"@type":"WebSite","@id":"https:\/\/ritual.cz\/#website","url":"https:\/\/ritual.cz\/","name":"Ritual","description":"Port\u00e1l pro magii, esoteriku, zdrav\u00ed a duchovn\u00ed rozvoj","publisher":{"@id":"https:\/\/ritual.cz\/#organization"},"potentialAction":[{"@type":"SearchAction","target":{"@type":"EntryPoint","urlTemplate":"https:\/\/ritual.cz\/?s={search_term_string}"},"query-input":{"@type":"PropertyValueSpecification","valueRequired":true,"valueName":"search_term_string"}}],"inLanguage":"cs"},{"@type":"Organization","@id":"https:\/\/ritual.cz\/#organization","name":"Ritual","url":"https:\/\/ritual.cz\/","logo":{"@type":"ImageObject","inLanguage":"cs","@id":"https:\/\/ritual.cz\/#\/schema\/logo\/image\/","url":"https:\/\/ritual.cz\/wp-content\/uploads\/2020\/03\/logo_ritual.gif","contentUrl":"https:\/\/ritual.cz\/wp-content\/uploads\/2020\/03\/logo_ritual.gif","width":219,"height":172,"caption":"Ritual"},"image":{"@id":"https:\/\/ritual.cz\/#\/schema\/logo\/image\/"}}]}},"_links":{"self":[{"href":"https:\/\/ritual.cz\/index.php\/wp-json\/wp\/v2\/pages\/941","targetHints":{"allow":["GET"]}}],"collection":[{"href":"https:\/\/ritual.cz\/index.php\/wp-json\/wp\/v2\/pages"}],"about":[{"href":"https:\/\/ritual.cz\/index.php\/wp-json\/wp\/v2\/types\/page"}],"author":[{"embeddable":true,"href":"https:\/\/ritual.cz\/index.php\/wp-json\/wp\/v2\/users\/1"}],"replies":[{"embeddable":true,"href":"https:\/\/ritual.cz\/index.php\/wp-json\/wp\/v2\/comments?post=941"}],"version-history":[{"count":0,"href":"https:\/\/ritual.cz\/index.php\/wp-json\/wp\/v2\/pages\/941\/revisions"}],"wp:attachment":[{"href":"https:\/\/ritual.cz\/index.php\/wp-json\/wp\/v2\/media?parent=941"}],"curies":[{"name":"wp","href":"https:\/\/api.w.org\/{rel}","templated":true}]}}