{"id":963,"date":"2020-12-03T20:50:30","date_gmt":"2020-12-03T19:50:30","guid":{"rendered":"https:\/\/ritual.cz\/?page_id=963"},"modified":"2020-12-03T20:50:31","modified_gmt":"2020-12-03T19:50:31","slug":"nabidka-reklamy","status":"publish","type":"page","link":"https:\/\/ritual.cz\/index.php\/nabidka-reklamy\/","title":{"rendered":"Nab\u00eddka reklamy"},"content":{"rendered":"\n<p>Znovuobnoven\u00fd \u00fasp\u011b\u0161n\u00fd port\u00e1l o magii , esoterice a zdrav\u00e9m \u017eivotn\u00edm p\u0159\u00edstupu op\u011bt nab\u00edr\u00e1 svoji b\u00fdvalou n\u00e1v\u0161t\u011bvnost, co\u017e otev\u00edr\u00e1 mo\u017enos nab\u00eddky reklamn\u00edho prostoru.<\/p>\n\n\n\n<p>M\u00e1te-li o reklamu z\u00e1jem, pros\u00edm napi\u0161te. Na konkr\u00e9tn\u00edch podm\u00ednk\u00e1ch, form\u00e1tu zobrazen\u00ed a cen\u011b se domluv\u00edme dle va\u0161ich po\u017eadavk\u016f. <\/p>\n\n\n\n<p>Orienta\u010dn\u00ed cena za \u010dtverec 300&#215;300 px, jak\u00fd m\u016f\u017eete vid\u011bt nap\u0159\u00edklad ve spodn\u00ed \u010d\u00e1sti prav\u00e9ho menu, je 2.200,- K\u010d\/m\u011bs\u00edc.<\/p>\n\n\n\n<p>Garantovan\u00fd po\u010det zhl\u00e9dnut\u00ed je v sou\u010dasnosti 4.000 \/ t\u00fdden.<\/p>\n<p>Views: 75<\/p>","protected":false},"excerpt":{"rendered":"<p>Znovuobnoven\u00fd \u00fasp\u011b\u0161n\u00fd port\u00e1l o magii , esoterice a zdrav\u00e9m \u017eivotn\u00edm p\u0159\u00edstupu op\u011bt nab\u00edr\u00e1 svoji b\u00fdvalou n\u00e1v\u0161t\u011bvnost, co\u017e otev\u00edr\u00e1 mo\u017enos nab\u00eddky<\/p>\n","protected":false},"author":1,"featured_media":0,"parent":0,"menu_order":0,"comment_status":"closed","ping_status":"closed","template":"","meta":{"colormag_page_container_layout":"default_layout","colormag_page_sidebar_layout":"default_layout","footnotes":""},"class_list":["post-963","page","type-page","status-publish","hentry"],"yoast_head":"<!-- This site is optimized with the Yoast SEO plugin v27.4 - https:\/\/yoast.com\/product\/yoast-seo-wordpress\/ -->\n<title>Nab\u00eddka reklamy -<\/title>\n<meta name=\"robots\" content=\"index, follow, max-snippet:-1, max-image-preview:large, max-video-preview:-1\" \/>\n<link rel=\"canonical\" href=\"https:\/\/ritual.cz\/index.php\/nabidka-reklamy\/\" \/>\n<meta property=\"og:locale\" content=\"cs_CZ\" \/>\n<meta property=\"og:type\" content=\"article\" \/>\n<meta property=\"og:title\" content=\"Nab\u00eddka reklamy -\" \/>\n<meta property=\"og:description\" content=\"Znovuobnoven\u00fd \u00fasp\u011b\u0161n\u00fd port\u00e1l o magii , esoterice a zdrav\u00e9m \u017eivotn\u00edm p\u0159\u00edstupu op\u011bt nab\u00edr\u00e1 svoji b\u00fdvalou n\u00e1v\u0161t\u011bvnost, co\u017e otev\u00edr\u00e1 mo\u017enos nab\u00eddky\" \/>\n<meta property=\"og:url\" content=\"https:\/\/ritual.cz\/index.php\/nabidka-reklamy\/\" \/>\n<meta property=\"article:modified_time\" content=\"2020-12-03T19:50:31+00:00\" \/>\n<meta name=\"twitter:card\" content=\"summary_large_image\" \/>\n<meta name=\"twitter:label1\" content=\"Odhadovan\u00e1 doba \u010dten\u00ed\" \/>\n\t<meta name=\"twitter:data1\" content=\"1 minuta\" \/>\n<script type=\"application\/ld+json\" class=\"yoast-schema-graph\">{\"@context\":\"https:\\\/\\\/schema.org\",\"@graph\":[{\"@type\":\"WebPage\",\"@id\":\"https:\\\/\\\/ritual.cz\\\/index.php\\\/nabidka-reklamy\\\/\",\"url\":\"https:\\\/\\\/ritual.cz\\\/index.php\\\/nabidka-reklamy\\\/\",\"name\":\"Nab\u00eddka reklamy -\",\"isPartOf\":{\"@id\":\"https:\\\/\\\/ritual.cz\\\/#website\"},\"datePublished\":\"2020-12-03T19:50:30+00:00\",\"dateModified\":\"2020-12-03T19:50:31+00:00\",\"breadcrumb\":{\"@id\":\"https:\\\/\\\/ritual.cz\\\/index.php\\\/nabidka-reklamy\\\/#breadcrumb\"},\"inLanguage\":\"cs\",\"potentialAction\":[{\"@type\":\"ReadAction\",\"target\":[\"https:\\\/\\\/ritual.cz\\\/index.php\\\/nabidka-reklamy\\\/\"]}]},{\"@type\":\"BreadcrumbList\",\"@id\":\"https:\\\/\\\/ritual.cz\\\/index.php\\\/nabidka-reklamy\\\/#breadcrumb\",\"itemListElement\":[{\"@type\":\"ListItem\",\"position\":1,\"name\":\"Dom\u016f\",\"item\":\"https:\\\/\\\/ritual.cz\\\/\"},{\"@type\":\"ListItem\",\"position\":2,\"name\":\"Nab\u00eddka reklamy\"}]},{\"@type\":\"WebSite\",\"@id\":\"https:\\\/\\\/ritual.cz\\\/#website\",\"url\":\"https:\\\/\\\/ritual.cz\\\/\",\"name\":\"Ritual\",\"description\":\"Port\u00e1l pro magii, esoteriku, zdrav\u00ed a duchovn\u00ed rozvoj\",\"publisher\":{\"@id\":\"https:\\\/\\\/ritual.cz\\\/#organization\"},\"potentialAction\":[{\"@type\":\"SearchAction\",\"target\":{\"@type\":\"EntryPoint\",\"urlTemplate\":\"https:\\\/\\\/ritual.cz\\\/?s={search_term_string}\"},\"query-input\":{\"@type\":\"PropertyValueSpecification\",\"valueRequired\":true,\"valueName\":\"search_term_string\"}}],\"inLanguage\":\"cs\"},{\"@type\":\"Organization\",\"@id\":\"https:\\\/\\\/ritual.cz\\\/#organization\",\"name\":\"Ritual\",\"url\":\"https:\\\/\\\/ritual.cz\\\/\",\"logo\":{\"@type\":\"ImageObject\",\"inLanguage\":\"cs\",\"@id\":\"https:\\\/\\\/ritual.cz\\\/#\\\/schema\\\/logo\\\/image\\\/\",\"url\":\"https:\\\/\\\/ritual.cz\\\/wp-content\\\/uploads\\\/2020\\\/03\\\/logo_ritual.gif\",\"contentUrl\":\"https:\\\/\\\/ritual.cz\\\/wp-content\\\/uploads\\\/2020\\\/03\\\/logo_ritual.gif\",\"width\":219,\"height\":172,\"caption\":\"Ritual\"},\"image\":{\"@id\":\"https:\\\/\\\/ritual.cz\\\/#\\\/schema\\\/logo\\\/image\\\/\"}}]}<\/script>\n<!-- \/ Yoast SEO plugin. -->","yoast_head_json":{"title":"Nab\u00eddka reklamy -","robots":{"index":"index","follow":"follow","max-snippet":"max-snippet:-1","max-image-preview":"max-image-preview:large","max-video-preview":"max-video-preview:-1"},"canonical":"https:\/\/ritual.cz\/index.php\/nabidka-reklamy\/","og_locale":"cs_CZ","og_type":"article","og_title":"Nab\u00eddka reklamy -","og_description":"Znovuobnoven\u00fd \u00fasp\u011b\u0161n\u00fd port\u00e1l o magii , esoterice a zdrav\u00e9m \u017eivotn\u00edm p\u0159\u00edstupu op\u011bt nab\u00edr\u00e1 svoji b\u00fdvalou n\u00e1v\u0161t\u011bvnost, co\u017e otev\u00edr\u00e1 mo\u017enos nab\u00eddky","og_url":"https:\/\/ritual.cz\/index.php\/nabidka-reklamy\/","article_modified_time":"2020-12-03T19:50:31+00:00","twitter_card":"summary_large_image","twitter_misc":{"Odhadovan\u00e1 doba \u010dten\u00ed":"1 minuta"},"schema":{"@context":"https:\/\/schema.org","@graph":[{"@type":"WebPage","@id":"https:\/\/ritual.cz\/index.php\/nabidka-reklamy\/","url":"https:\/\/ritual.cz\/index.php\/nabidka-reklamy\/","name":"Nab\u00eddka reklamy -","isPartOf":{"@id":"https:\/\/ritual.cz\/#website"},"datePublished":"2020-12-03T19:50:30+00:00","dateModified":"2020-12-03T19:50:31+00:00","breadcrumb":{"@id":"https:\/\/ritual.cz\/index.php\/nabidka-reklamy\/#breadcrumb"},"inLanguage":"cs","potentialAction":[{"@type":"ReadAction","target":["https:\/\/ritual.cz\/index.php\/nabidka-reklamy\/"]}]},{"@type":"BreadcrumbList","@id":"https:\/\/ritual.cz\/index.php\/nabidka-reklamy\/#breadcrumb","itemListElement":[{"@type":"ListItem","position":1,"name":"Dom\u016f","item":"https:\/\/ritual.cz\/"},{"@type":"ListItem","position":2,"name":"Nab\u00eddka reklamy"}]},{"@type":"WebSite","@id":"https:\/\/ritual.cz\/#website","url":"https:\/\/ritual.cz\/","name":"Ritual","description":"Port\u00e1l pro magii, esoteriku, zdrav\u00ed a duchovn\u00ed rozvoj","publisher":{"@id":"https:\/\/ritual.cz\/#organization"},"potentialAction":[{"@type":"SearchAction","target":{"@type":"EntryPoint","urlTemplate":"https:\/\/ritual.cz\/?s={search_term_string}"},"query-input":{"@type":"PropertyValueSpecification","valueRequired":true,"valueName":"search_term_string"}}],"inLanguage":"cs"},{"@type":"Organization","@id":"https:\/\/ritual.cz\/#organization","name":"Ritual","url":"https:\/\/ritual.cz\/","logo":{"@type":"ImageObject","inLanguage":"cs","@id":"https:\/\/ritual.cz\/#\/schema\/logo\/image\/","url":"https:\/\/ritual.cz\/wp-content\/uploads\/2020\/03\/logo_ritual.gif","contentUrl":"https:\/\/ritual.cz\/wp-content\/uploads\/2020\/03\/logo_ritual.gif","width":219,"height":172,"caption":"Ritual"},"image":{"@id":"https:\/\/ritual.cz\/#\/schema\/logo\/image\/"}}]}},"_links":{"self":[{"href":"https:\/\/ritual.cz\/index.php\/wp-json\/wp\/v2\/pages\/963","targetHints":{"allow":["GET"]}}],"collection":[{"href":"https:\/\/ritual.cz\/index.php\/wp-json\/wp\/v2\/pages"}],"about":[{"href":"https:\/\/ritual.cz\/index.php\/wp-json\/wp\/v2\/types\/page"}],"author":[{"embeddable":true,"href":"https:\/\/ritual.cz\/index.php\/wp-json\/wp\/v2\/users\/1"}],"replies":[{"embeddable":true,"href":"https:\/\/ritual.cz\/index.php\/wp-json\/wp\/v2\/comments?post=963"}],"version-history":[{"count":1,"href":"https:\/\/ritual.cz\/index.php\/wp-json\/wp\/v2\/pages\/963\/revisions"}],"predecessor-version":[{"id":970,"href":"https:\/\/ritual.cz\/index.php\/wp-json\/wp\/v2\/pages\/963\/revisions\/970"}],"wp:attachment":[{"href":"https:\/\/ritual.cz\/index.php\/wp-json\/wp\/v2\/media?parent=963"}],"curies":[{"name":"wp","href":"https:\/\/api.w.org\/{rel}","templated":true}]}}